{"id":17,"date":"2023-05-30T10:53:37","date_gmt":"2023-05-30T13:53:37","guid":{"rendered":"https:\/\/leswarmi.ar\/?page_id=17"},"modified":"2024-03-14T15:05:00","modified_gmt":"2024-03-14T18:05:00","slug":"quienes-somos","status":"publish","type":"page","link":"https:\/\/leswarmi.ar\/index.php\/quienes-somos\/","title":{"rendered":"Quienes Somos"},"content":{"rendered":"\n<p>Desde 2008 nos encontramos para promover nuestros derechos como mujeres originarias lesbianas y bisexuales, sumando la mirada feministas y a compa\u00f1eras trans. Somos un espacio que activa en Tucum\u00e1n desde una l\u00ednea de interseccionalidad con los ejes de nuestra identidad, ra\u00edces, deseos y proyectos de vida. Ser originaria, ser mujer, ser lesbiana, trans o bisexual es sin\u00f3nimo de vivir m\u00faltiples discriminaciones porque vivimos en una sociedad que no oprime por la clase, la raza, la apariencia f\u00edsica, el proyecto de vida, el deseo y el amor,<\/p>\n\n\n\n<p>Nuestra visi\u00f3n es que LesWarmi articular\u00e1 todos los esfuerzos posibles para mejorar las vidas de lesbianas, bisexuales y trans en el NOA al promover sus derechos, su visibilidad, su autonom\u00eda y su bienestar. Nuestra misi\u00f3n es trabajar para generar iniciativas en diferentes niveles y en toda la regi\u00f3n para impactar positivamente en la vida de las lesbianas, bisexuales y trans. <\/p>\n\n\n\n<figure class=\"wp-block-image size-large is-resized\"><img loading=\"lazy\" decoding=\"async\" width=\"1024\" height=\"1024\" src=\"https:\/\/leswarmi.ar\/wp-content\/uploads\/2024\/03\/Polish_20240309_113814454-1024x1024.jpg\" alt=\"\" class=\"wp-image-294\" style=\"width:328px;height:auto\" srcset=\"https:\/\/leswarmi.ar\/wp-content\/uploads\/2024\/03\/Polish_20240309_113814454-1024x1024.jpg 1024w, https:\/\/leswarmi.ar\/wp-content\/uploads\/2024\/03\/Polish_20240309_113814454-300x300.jpg 300w, https:\/\/leswarmi.ar\/wp-content\/uploads\/2024\/03\/Polish_20240309_113814454-150x150.jpg 150w, https:\/\/leswarmi.ar\/wp-content\/uploads\/2024\/03\/Polish_20240309_113814454-768x768.jpg 768w, https:\/\/leswarmi.ar\/wp-content\/uploads\/2024\/03\/Polish_20240309_113814454-1536x1536.jpg 1536w, https:\/\/leswarmi.ar\/wp-content\/uploads\/2024\/03\/Polish_20240309_113814454.jpg 1980w\" sizes=\"auto, (max-width: 1024px) 100vw, 1024px\" \/><\/figure>\n\n\n\n<p>Desde 2024 somos una fundaci\u00f3n resoluci\u00f3n 103\/2024-D. P. J. que tiene por objeto fundacional lo siguiente:<\/p>\n\n\n\n<p>Producir proyectos y acciones que promuevan la sensibilizaci\u00f3n frente a los derechos de las mujeres, diversidades, personas mayores y su inclusi\u00f3n; con personas y profesionales id\u00f3neos sin fines de lucro, sin sobrepasar autoridad gubernamental, y en colaboraci\u00f3n con otras ONG\u2019s, el sector privado, el gobierno provincial, municipal, sus dependencias, organizaciones internacionales, referentes de diferentes \u00e1mbitos y pertenencias.<\/p>\n\n\n\n<p>Realizando las siguientes actividades para su concreci\u00f3n creaci\u00f3n y gesti\u00f3n de proyectos de sensibilizaci\u00f3n, formaci\u00f3n y de desarrollo de habilidades y destrezas, talleres, conferencias, producci\u00f3n de materiales sobre mujeres, diversidades, personas mayores e inclusi\u00f3n, personas migrantes, acceso a derechos y mejor calidad de vida de vejeces, mujeres, diversidades e inclusi\u00f3n. Esto incluye la producci\u00f3n de materiales como informes, dossiers, actividades culturales, cursos online, presenciales, congresos y encuentros locales y regionales.<\/p>\n\n\n\n<h4 class=\"wp-block-heading\">Qu\u00e9 trabajamos?<\/h4>\n\n\n\n<p>Temas que trabajamos: derechos sexuales y reproductivos, maternidades igualitarias, derecho y acceso al aborto, identidad marr\u00f3n, acoso sexual en el trabajo, personas mayores LBTIQ, acceso a derechos. Nuestro trabajo est\u00e1 guiado por la interseccionalidad e inclusi\u00f3n.<\/p>\n\n\n\n<figure class=\"wp-block-image size-medium\"><img loading=\"lazy\" decoding=\"async\" width=\"300\" height=\"188\" src=\"https:\/\/leswarmi.ar\/wp-content\/uploads\/2023\/05\/LeswarmiTucuman-300x188.jpg\" alt=\"\" class=\"wp-image-26\" srcset=\"https:\/\/leswarmi.ar\/wp-content\/uploads\/2023\/05\/LeswarmiTucuman-300x188.jpg 300w, https:\/\/leswarmi.ar\/wp-content\/uploads\/2023\/05\/LeswarmiTucuman-768x482.jpg 768w, https:\/\/leswarmi.ar\/wp-content\/uploads\/2023\/05\/LeswarmiTucuman.jpg 1021w\" sizes=\"auto, (max-width: 300px) 100vw, 300px\" \/><\/figure>\n\n\n\n<p>Con quien trabajamos?<\/p>\n\n\n\n<p>Articulamos con varias organizaciones del NOA a trav\u00e9s de la Multisectorial por la Diversidad de Tucum\u00e1n, por ejemplo el Nodo Mariana Alarc\u00f3n de Salud Mental desde una perspectiva de g\u00e9nero respetuosa de la diversidad sexual para erradicar las situaciones de soledad, angustia, y malestar que viven las mujeres lesbianas y bisexuales y que las conducen a los consumos problem\u00e1ticos y a las lesiones. Integramos la Multisectorial por la Diversidad de Tucum\u00e1n desde 2009 desde all\u00ed impulsamos acciones para la aprobaci\u00f3n del Matrimonio Igualitario (2010), la ley de identidad de g\u00e9nero (2011), ley provincial de Inclusi\u00f3n Laboral Trans (2020), ley de promoci\u00f3n del derecho de las Mujeres a la Salud Menstrual (2020). Integramos la Red Federal contra la violencia de g\u00e9nero. Asimismo integramos la red nacional por los derechos de las personas mayores LGBTI+ abordando las cuestiones de personas mayores LBTIQ. Participamos de todas las actividades a las que nos invitan porque vemos all\u00ed una excelente oportunidad de participar y al hablar visibilizarnos y sensibilizar esos espacios.<\/p>\n\n\n\n<h6 class=\"wp-block-heading\"> <\/h6>\n\n\n\n<figure class=\"wp-block-image size-full\"><img loading=\"lazy\" decoding=\"async\" width=\"311\" height=\"389\" src=\"https:\/\/leswarmi.ar\/wp-content\/uploads\/2024\/03\/imagen-leswarmi-banner-impreso.png\" alt=\"\" class=\"wp-image-289\" srcset=\"https:\/\/leswarmi.ar\/wp-content\/uploads\/2024\/03\/imagen-leswarmi-banner-impreso.png 311w, https:\/\/leswarmi.ar\/wp-content\/uploads\/2024\/03\/imagen-leswarmi-banner-impreso-240x300.png 240w\" sizes=\"auto, (max-width: 311px) 100vw, 311px\" \/><\/figure>\n","protected":false},"excerpt":{"rendered":"<p>Desde 2008 nos encontramos para promover nuestros derechos como mujeres originarias lesbianas y bisexuales, sumando la mirada feministas y a compa\u00f1eras trans. Somos un espacio que activa en Tucum\u00e1n desde una l\u00ednea de interseccionalidad con los ejes de nuestra identidad, ra\u00edces, deseos y proyectos de vida. Ser originaria, ser mujer, ser lesbiana, trans o bisexual [&hellip;]<\/p>\n","protected":false},"author":3,"featured_media":0,"parent":0,"menu_order":0,"comment_status":"closed","ping_status":"closed","template":"","meta":{"footnotes":""},"class_list":["post-17","page","type-page","status-publish","hentry"],"_links":{"self":[{"href":"https:\/\/leswarmi.ar\/index.php\/wp-json\/wp\/v2\/pages\/17","targetHints":{"allow":["GET"]}}],"collection":[{"href":"https:\/\/leswarmi.ar\/index.php\/wp-json\/wp\/v2\/pages"}],"about":[{"href":"https:\/\/leswarmi.ar\/index.php\/wp-json\/wp\/v2\/types\/page"}],"author":[{"embeddable":true,"href":"https:\/\/leswarmi.ar\/index.php\/wp-json\/wp\/v2\/users\/3"}],"replies":[{"embeddable":true,"href":"https:\/\/leswarmi.ar\/index.php\/wp-json\/wp\/v2\/comments?post=17"}],"version-history":[{"count":10,"href":"https:\/\/leswarmi.ar\/index.php\/wp-json\/wp\/v2\/pages\/17\/revisions"}],"predecessor-version":[{"id":298,"href":"https:\/\/leswarmi.ar\/index.php\/wp-json\/wp\/v2\/pages\/17\/revisions\/298"}],"wp:attachment":[{"href":"https:\/\/leswarmi.ar\/index.php\/wp-json\/wp\/v2\/media?parent=17"}],"curies":[{"name":"wp","href":"https:\/\/api.w.org\/{rel}","templated":true}]}}